{"id":844,"date":"2021-12-21T15:59:36","date_gmt":"2021-12-21T14:59:36","guid":{"rendered":"http:\/\/luka-inpo.razvija.se\/komunalna-enota\/"},"modified":"2022-03-28T10:33:45","modified_gmt":"2022-03-28T08:33:45","slug":"utility-services","status":"publish","type":"page","link":"https:\/\/luka-inpo.si\/en\/services\/utility-services\/","title":{"rendered":"Utility services"},"content":{"rendered":"<p><section class=\"kc-elm kc-css-515026 kc_row\"><div class=\" container\"><div class=\"row \"><div class=\"kc-elm kc-css-10264 col-12 col-sm-12 column col-12 col-md-8\"><div class=\"kc-col-container\"><div class=\"kc-image-gallery kc-elm kc-css-139146\">\n<div class=\"kc_image_gallery kc-carousel-image kc-grid  gallery-columns-2\">\n                    <figure class=\"gallery-item m-0\">\n                        <div class=\"gallery-icon landscape\">\n                            <a href=\"https:\/\/luka-inpo.si\/wp-content\/uploads\/2021\/12\/Header-naslovni.jpg\"\n                               data-caption=\"\"\n                               data-fancybox=\"gallery-6531241\">\n                                <img decoding=\"async\" src=\"https:\/\/luka-inpo.si\/wp-content\/uploads\/2021\/12\/Header-naslovni.jpg\" alt=\"\">                             <\/a>\n                        <\/div>\n                    <\/figure>\n\t\t\t\t                        <figure class=\"gallery-item m-0\">\n                        <div class=\"gallery-icon landscape\">\n                            <a href=\"https:\/\/luka-inpo.si\/wp-content\/uploads\/2021\/12\/Center-za-ravnanje-z-odpadki-1.jpg\"\n                               data-caption=\"\"\n                               data-fancybox=\"gallery-6531241\">\n                                <img decoding=\"async\" src=\"https:\/\/luka-inpo.si\/wp-content\/uploads\/2021\/12\/Center-za-ravnanje-z-odpadki-1.jpg\" alt=\"\">                             <\/a>\n                        <\/div>\n                    <\/figure>\n\t\t\t\t                        <figure class=\"gallery-item m-0\">\n                        <div class=\"gallery-icon landscape\">\n                            <a href=\"https:\/\/luka-inpo.si\/wp-content\/uploads\/2021\/12\/IMG_1170.jpg\"\n                               data-caption=\"\"\n                               data-fancybox=\"gallery-6531241\">\n                                <img decoding=\"async\" src=\"https:\/\/luka-inpo.si\/wp-content\/uploads\/2021\/12\/IMG_1170.jpg\" alt=\"\">                             <\/a>\n                        <\/div>\n                    <\/figure>\n\t\t\t\t                        <figure class=\"gallery-item m-0\">\n                        <div class=\"gallery-icon landscape\">\n                            <a href=\"https:\/\/luka-inpo.si\/wp-content\/uploads\/2021\/12\/Kosnja-preliv-apr-08-004.jpg\"\n                               data-caption=\"\"\n                               data-fancybox=\"gallery-6531241\">\n                                <img decoding=\"async\" src=\"https:\/\/luka-inpo.si\/wp-content\/uploads\/2021\/12\/Kosnja-preliv-apr-08-004.jpg\" alt=\"\">                             <\/a>\n                        <\/div>\n                    <\/figure>\n\t\t\t\t                        <figure class=\"gallery-item m-0\">\n                        <div class=\"gallery-icon landscape\">\n                            <a href=\"https:\/\/luka-inpo.si\/wp-content\/uploads\/2021\/12\/DSCN0439.jpg\"\n                               data-caption=\"\"\n                               data-fancybox=\"gallery-6531241\">\n                                <img decoding=\"async\" src=\"https:\/\/luka-inpo.si\/wp-content\/uploads\/2021\/12\/DSCN0439.jpg\" alt=\"\">                             <\/a>\n                        <\/div>\n                    <\/figure>\n\t\t\t\t                        <figure class=\"gallery-item m-0\">\n                        <div class=\"gallery-icon landscape\">\n                            <a href=\"https:\/\/luka-inpo.si\/wp-content\/uploads\/2021\/12\/20160715_123927.jpg\"\n                               data-caption=\"\"\n                               data-fancybox=\"gallery-6531241\">\n                                <img decoding=\"async\" src=\"https:\/\/luka-inpo.si\/wp-content\/uploads\/2021\/12\/20160715_123927.jpg\" alt=\"\">                             <\/a>\n                        <\/div>\n                    <\/figure>\n\t\t\t\t    <\/div>\n<\/div><\/div><\/div><\/div><\/div><\/section><section class=\"kc-elm kc-css-593188 kc_row\"><div class=\" container\"><div class=\"row \"><div class=\"kc-elm kc-css-507726 col-12 col-sm-8 column\"><div class=\"kc-col-container\"><div class=\"kc-elm kc-css-324482 row\"><div class=\"kc-elm kc-css-175527 col-12 col-sm-12 column_inner\"><div class=\"kc_wrapper kc-col-inner-container\"><div class=\"kc-image-gallery kc-elm kc-css-26177\">\n<div class=\"kc_image_gallery kc-carousel-image kc-grid  gallery-columns-2\">\n                    <figure class=\"gallery-item m-0\">\n                        <div class=\"gallery-icon landscape\">\n                            <a href=\"https:\/\/luka-inpo.si\/wp-content\/uploads\/2021\/12\/Header-naslovni.jpg\"\n                               data-caption=\"\"\n                               data-fancybox=\"gallery-1548644\">\n                                <img decoding=\"async\" src=\"https:\/\/luka-inpo.si\/wp-content\/uploads\/2021\/12\/Header-naslovni.jpg\" alt=\"\">                             <\/a>\n                        <\/div>\n                    <\/figure>\n\t\t\t\t                        <figure class=\"gallery-item m-0\">\n                        <div class=\"gallery-icon landscape\">\n                            <a href=\"https:\/\/luka-inpo.si\/wp-content\/uploads\/2021\/12\/Center-za-ravnanje-z-odpadki-1.jpg\"\n                               data-caption=\"\"\n                               data-fancybox=\"gallery-1548644\">\n                                <img decoding=\"async\" src=\"https:\/\/luka-inpo.si\/wp-content\/uploads\/2021\/12\/Center-za-ravnanje-z-odpadki-1.jpg\" alt=\"\">                             <\/a>\n                        <\/div>\n                    <\/figure>\n\t\t\t\t                        <figure class=\"gallery-item m-0\">\n                        <div class=\"gallery-icon landscape\">\n                            <a href=\"https:\/\/luka-inpo.si\/wp-content\/uploads\/2021\/12\/IMG_1170.jpg\"\n                               data-caption=\"\"\n                               data-fancybox=\"gallery-1548644\">\n                                <img decoding=\"async\" src=\"https:\/\/luka-inpo.si\/wp-content\/uploads\/2021\/12\/IMG_1170.jpg\" alt=\"\">                             <\/a>\n                        <\/div>\n                    <\/figure>\n\t\t\t\t                        <figure class=\"gallery-item m-0\">\n                        <div class=\"gallery-icon landscape\">\n                            <a href=\"https:\/\/luka-inpo.si\/wp-content\/uploads\/2021\/12\/Kosnja-preliv-apr-08-004.jpg\"\n                               data-caption=\"\"\n                               data-fancybox=\"gallery-1548644\">\n                                <img decoding=\"async\" src=\"https:\/\/luka-inpo.si\/wp-content\/uploads\/2021\/12\/Kosnja-preliv-apr-08-004.jpg\" alt=\"\">                             <\/a>\n                        <\/div>\n                    <\/figure>\n\t\t\t\t                        <figure class=\"gallery-item m-0\">\n                        <div class=\"gallery-icon landscape\">\n                            <a href=\"https:\/\/luka-inpo.si\/wp-content\/uploads\/2021\/12\/DSCN0439.jpg\"\n                               data-caption=\"\"\n                               data-fancybox=\"gallery-1548644\">\n                                <img decoding=\"async\" src=\"https:\/\/luka-inpo.si\/wp-content\/uploads\/2021\/12\/DSCN0439.jpg\" alt=\"\">                             <\/a>\n                        <\/div>\n                    <\/figure>\n\t\t\t\t                        <figure class=\"gallery-item m-0\">\n                        <div class=\"gallery-icon landscape\">\n                            <a href=\"https:\/\/luka-inpo.si\/wp-content\/uploads\/2021\/12\/20160715_123927.jpg\"\n                               data-caption=\"\"\n                               data-fancybox=\"gallery-1548644\">\n                                <img decoding=\"async\" src=\"https:\/\/luka-inpo.si\/wp-content\/uploads\/2021\/12\/20160715_123927.jpg\" alt=\"\">                             <\/a>\n                        <\/div>\n                    <\/figure>\n\t\t\t\t    <\/div>\n<\/div><div class=\"kc-elm kc-css-993341 kc_text_block\"><\/p>\n<p>In the port we have introduced a new modern waste management method which is based on the following principles:<\/p>\n<ul>\n<li>separation of waste at the source by type and further processing method,<\/li>\n<li>separation of all re-usable waste for recovery (recycling),<\/li>\n<li>biological processing of biodegradable waste,<\/li>\n<li>minimum depositing of other waste (deposit site).<\/li>\n<\/ul>\n<p>After a few years of management according to the principles stated above, we have established that less than 20% of total waste is deposited at the deposit site for non-reusable waste.<\/p>\n<p>The following waste is put to good use: wood, stable manure, shavings, metal waste, paper and some types of plastics.<\/p>\n<p>Utility activities cover the following tasks:<\/p>\n<ul type=\"disc\">\n<li>collection and \u00a0transport of waste and acceptance of waste from vessels,<\/li>\n<li>composting of biological waste and the sale of compost,<\/li>\n<li>mechanised cleaning of streets, handling areas and warehouses,<\/li>\n<li>supervision and maintenance of the sewage systems, oil traps and cesspits,<\/li>\n<li>washing of containers and vehicles,<\/li>\n<li>care for green spaces and clean storages and other areas by the order of Port of Koper.<\/li>\n<\/ul>\n<p>\n<\/div><\/div><\/div><\/div><\/div><\/div><div class=\"kc-elm kc-css-336548 col-12 col-sm-4 column\"><div class=\"kc-col-container\"><div class=\"kc-elm kc-css-159939 row\"><div class=\"kc-elm kc-css-153373 col-12 col-sm-12 column_inner\"><div class=\"kc_wrapper kc-col-inner-container\"><div class=\"div-wrapper kc-elm kc-css-281701 pink-wrapper\"><div class=\"kc-elm kc-css-924809 kc_text_block\"><\/p>\n<p>The company has specific machinery at its disposal which is used for specialized works on request.<\/p>\n<ul>\n<li>Mobile compost sieve.\u00a0<\/li>\n<li>Broom machine for cleaning large areas.<\/li>\n<\/ul>\n<p>\n<\/div><div class=\"kc-elm kc-css-265533 kc_text_block\"><\/p>\n<p><strong>Additional information<\/strong><\/p>\n<p>\n<\/div><div class=\"kc-elm kc-css-424137 kc_text_block\"><\/p>\n<p><strong>e: <\/strong><a href=\"mailto:inpo@luka-kp.si\">inpo@luka-kp.si<\/a><br \/><strong>e:<\/strong> <a href=\"mailto:inpokomunala@luka-kp.si\">inpokomunala@luka-kp.si<\/a><br \/><strong>tel: <\/strong>+386 5 66 56 702<\/p>\n<p>\n<\/div><\/div><\/div><\/div><\/div><\/div><\/div><\/div><\/div><\/section><section class=\"kc-elm kc-css-481694 kc_row\"><div class=\" container\"><div class=\"row \"><div class=\"kc-elm kc-css-512892 col-12 col-sm-12 column col-12 col-md-8\"><div class=\"kc-col-container\"><div class=\"kc-elm kc-css-833429 kc_text_block\"><\/p>\n<p>\nV pristani\u0161\u010du imamo vpeljan nov sodoben na\u010din gospodarjenja z odpadki, ki temelji na naslednjih principih:<\/p>\n<ul>\n<li>lo\u010devanje odpadkov na samem izvoru glede na vrsto in na na\u010din nadaljnje obdelave,<\/li>\n<li>koristna oz. ponovna uporaba lo\u010deno zbranih frakcij,<\/li>\n<li>biolo\u0161ka obdelava biorazgradljivih odpadkov,<\/li>\n<li>minimalno odstranjevanje odpadkov.<\/li>\n<\/ul>\n<p>Po ve\u010d letih gospodarjenja po navedenih principih ugotavljamo, da kon\u010da na deponiji za neuporabne odpadke, manj kot 20% vseh odpadkov.<\/p>\n<p>Od zbranih odpadkov se reciklira\u00a0naslednje odpadke: les, hlevski gnoj, obreznine, kovinske odpadke, papir in\u00a0dolo\u010deno vrsto plastike.<\/p>\n<p>V\u00a0 komunalni enoti izvajamo naslednja dela:<\/p>\n<ul>\n<li>zbiranje in odvoz odpadkov in prevzem odpadkov s plovil,<\/li>\n<li>kompostiranje biolo\u0161kih odpadkov in oddaja komposta,<\/li>\n<li>mehanizirano \u010di\u0161\u010denje cesti\u0161\u010d, manipulativnih povr\u0161in in skladi\u0161\u010d,<\/li>\n<li>nadzor in vzdr\u017eevanje sistema kanalizacije, lovilcev olj in greznic,<br \/>pranje kontejnerjev in vozil,<\/li>\n<li>skrbimo za urejanje zelenih povr\u0161in ter \u010di\u0161\u010denje skladi\u0161\u010dnih in ostalih povr\u0161in po naro\u010dilu Luke Koper.<\/li>\n<\/ul>\n<p>\n<\/div><\/div><\/div><\/div><\/div><\/section><section class=\"kc-elm kc-css-57765 kc_row\"><div class=\" container\"><div class=\"row \"><div class=\"kc-elm kc-css-616598 col-12 col-sm-12 column col-12 col-md-8\"><div class=\"kc-col-container\">\n<div class=\"kc-elm kc-css-45585\">\n\t<a class=\"kc_button btn btn-primary\" href=\"https:\/\/luka-inpo.si\/en\/services\/\" target=\"_self\" title=\"Services\" onclick=\"\">\n\t\tView all services\t<\/a>\n<\/div>\n<\/div><\/div><\/div><\/div><\/section><\/p>\n","protected":false},"excerpt":{"rendered":"","protected":false},"author":3,"featured_media":727,"parent":848,"menu_order":16,"comment_status":"closed","ping_status":"closed","template":"page-templates\/fullwidthpage.php","meta":{"_acf_changed":false,"rank_math_lock_modified_date":false,"inline_featured_image":false,"footnotes":""},"acf":[],"_links":{"self":[{"href":"https:\/\/luka-inpo.si\/en\/wp-json\/wp\/v2\/pages\/844"}],"collection":[{"href":"https:\/\/luka-inpo.si\/en\/wp-json\/wp\/v2\/pages"}],"about":[{"href":"https:\/\/luka-inpo.si\/en\/wp-json\/wp\/v2\/types\/page"}],"author":[{"embeddable":true,"href":"https:\/\/luka-inpo.si\/en\/wp-json\/wp\/v2\/users\/3"}],"replies":[{"embeddable":true,"href":"https:\/\/luka-inpo.si\/en\/wp-json\/wp\/v2\/comments?post=844"}],"version-history":[{"count":0,"href":"https:\/\/luka-inpo.si\/en\/wp-json\/wp\/v2\/pages\/844\/revisions"}],"up":[{"embeddable":true,"href":"https:\/\/luka-inpo.si\/en\/wp-json\/wp\/v2\/pages\/848"}],"wp:featuredmedia":[{"embeddable":true,"href":"https:\/\/luka-inpo.si\/en\/wp-json\/wp\/v2\/media\/727"}],"wp:attachment":[{"href":"https:\/\/luka-inpo.si\/en\/wp-json\/wp\/v2\/media?parent=844"}],"curies":[{"name":"wp","href":"https:\/\/api.w.org\/{rel}","templated":true}]}}