{"id":846,"date":"2021-12-21T15:59:00","date_gmt":"2021-12-21T14:59:00","guid":{"rendered":"http:\/\/luka-inpo.razvija.se\/kamionski-terminal\/"},"modified":"2026-03-19T15:43:19","modified_gmt":"2026-03-19T14:43:19","slug":"truck-terminal","status":"publish","type":"page","link":"https:\/\/luka-inpo.si\/en\/services\/truck-terminal\/","title":{"rendered":"Truck parking P2 Sermin"},"content":{"rendered":"<p><section class=\"kc-elm kc-css-19705 kc_row\"><div class=\" container\"><div class=\"row \"><div class=\"kc-elm kc-css-774240 col-12 col-sm-12 column col-12 col-md-8\"><div class=\"kc-col-container\"><div class=\"kc-image-gallery kc-elm kc-css-133605\">\n<div class=\"kc_image_gallery kc-carousel-image kc-grid  gallery-columns-2\">\n                    <figure class=\"gallery-item m-0\">\n                        <div class=\"gallery-icon landscape\">\n                            <a href=\"https:\/\/luka-inpo.si\/wp-content\/uploads\/2021\/12\/Kamionski-terminal.jpg\"\n                               data-caption=\"\"\n                               data-fancybox=\"gallery-5159449\">\n                                <img decoding=\"async\" src=\"https:\/\/luka-inpo.si\/wp-content\/uploads\/2021\/12\/Kamionski-terminal.jpg\" alt=\"\">                             <\/a>\n                        <\/div>\n                    <\/figure>\n\t\t\t\t    <\/div>\n<\/div><div class=\"kc-elm kc-css-365647 kc_text_block\"><\/p>\n<p><a href=\"https:\/\/goo.gl\/maps\/guJ4SDBr7R1z97GR6\" target=\"_blank\" rel=\"noopener\">Prika\u017ei pot do Kamionskega terminala<\/a><\/p>\n<p>\n<\/div><\/div><\/div><\/div><\/div><\/section><section class=\"kc-elm kc-css-600576 kc_row\"><div class=\" container\"><div class=\"row \"><div class=\"kc-elm kc-css-14243 col-12 col-sm-8 column\"><div class=\"kc-col-container\"><div class=\"kc-elm kc-css-687556 row\"><div class=\"kc-elm kc-css-882874 col-12 col-sm-12 column_inner\"><div class=\"kc_wrapper kc-col-inner-container\"><div class=\"kc-image-gallery kc-elm kc-css-988024\">\n<div class=\"kc_image_gallery kc-carousel-image kc-grid  gallery-columns-2\">\n                    <figure class=\"gallery-item m-0\">\n                        <div class=\"gallery-icon landscape\">\n                            <a href=\"https:\/\/luka-inpo.si\/wp-content\/uploads\/2023\/12\/Kamionski-terminal-NOV.jpg\" data-caption=\"\" data-fancybox=\"gallery-15319177\">\n                                <img decoding=\"async\" src=\"https:\/\/luka-inpo.si\/wp-content\/uploads\/2023\/12\/Kamionski-terminal-NOV.jpg\" alt=\"\">                             <\/a>\n                        <\/div>\n                    <\/figure>\n\t\t\t\t                        <figure class=\"gallery-item m-0\">\n                        <div class=\"gallery-icon landscape\">\n                            <a href=\"https:\/\/luka-inpo.si\/wp-content\/uploads\/2025\/08\/LukaKP_Kamionski2-2.jpg\" data-caption=\"\" data-fancybox=\"gallery-15319177\">\n                                <img decoding=\"async\" src=\"https:\/\/luka-inpo.si\/wp-content\/uploads\/2025\/08\/LukaKP_Kamionski2-2.jpg\" alt=\"\">                             <\/a>\n                        <\/div>\n                    <\/figure>\n\t\t\t\t                        <figure class=\"gallery-item m-0\">\n                        <div class=\"gallery-icon landscape\">\n                            <a href=\"https:\/\/luka-inpo.si\/wp-content\/uploads\/2025\/08\/LukaKP_KamionskiTerminal-5.jpg\" data-caption=\"\" data-fancybox=\"gallery-15319177\">\n                                <img decoding=\"async\" src=\"https:\/\/luka-inpo.si\/wp-content\/uploads\/2025\/08\/LukaKP_KamionskiTerminal-5.jpg\" alt=\"\">                             <\/a>\n                        <\/div>\n                    <\/figure>\n\t\t\t\t                        <figure class=\"gallery-item m-0\">\n                        <div class=\"gallery-icon landscape\">\n                            <a href=\"https:\/\/luka-inpo.si\/wp-content\/uploads\/2025\/08\/LukaKP_KamionskiTerminal-60.jpg\" data-caption=\"\" data-fancybox=\"gallery-15319177\">\n                                <img decoding=\"async\" src=\"https:\/\/luka-inpo.si\/wp-content\/uploads\/2025\/08\/LukaKP_KamionskiTerminal-60.jpg\" alt=\"\">                             <\/a>\n                        <\/div>\n                    <\/figure>\n\t\t\t\t                        <figure class=\"gallery-item m-0\">\n                        <div class=\"gallery-icon landscape\">\n                            <a href=\"https:\/\/luka-inpo.si\/wp-content\/uploads\/2025\/08\/LukaKP_KamionskiTerminal-31.jpg\" data-caption=\"\" data-fancybox=\"gallery-15319177\">\n                                <img decoding=\"async\" src=\"https:\/\/luka-inpo.si\/wp-content\/uploads\/2025\/08\/LukaKP_KamionskiTerminal-31.jpg\" alt=\"\">                             <\/a>\n                        <\/div>\n                    <\/figure>\n\t\t\t\t                        <figure class=\"gallery-item m-0\">\n                        <div class=\"gallery-icon landscape\">\n                            <a href=\"https:\/\/luka-inpo.si\/wp-content\/uploads\/2025\/08\/LukaKP_KamionskiTerminal-75.jpg\" data-caption=\"\" data-fancybox=\"gallery-15319177\">\n                                <img decoding=\"async\" src=\"https:\/\/luka-inpo.si\/wp-content\/uploads\/2025\/08\/LukaKP_KamionskiTerminal-75.jpg\" alt=\"\">                             <\/a>\n                        <\/div>\n                    <\/figure>\n\t\t\t\t    <\/div>\n<\/div><div class=\"kc-elm kc-css-657053 kc_text_block\"><\/p>\n<p><strong>USER NOTICE<\/strong><\/p>\n<p>We would like to inform you that <strong>cash payments will be discontinued<\/strong> at the P2 Sermin truck parking facility. The transition to other cashless payment methods will apply to all parking services, road fees, and payments for permits to enter the port. Cash payments will only be accepted <strong>until April 15, 2026<\/strong>; after this date, cash will no longer be accepted.<\/p>\n<h3>&nbsp;<\/h3>\n<h3>IMPORTANT NOTICE FOR ALL TRUCKERS<\/h3>\n<p>To reach the P2 parking please use the H5 motorway and proceed to the viaduct. <strong>Do not use other local roads!<\/strong><\/p>\n<p><img loading=\"lazy\" decoding=\"async\" class=\"alignnone size-medium wp-image-27036\" src=\"https:\/\/www.luka-kp.si\/wp-content\/uploads\/2024\/01\/P2-access-500x296.jpg\" alt=\"\" width=\"500\" height=\"296\"><\/p>\n<p>&lt;iframe style=\"border: 0;\" src=\"https:\/\/www.google.com\/maps\/embed?pb=!1m18!1m12!1m3!1d4022.8736167230195!2d13.76075938347297!3d45.55928508731782!2m3!1f0!2f0!3f0!3m2!1i1024!2i768!4f13.1!3m3!1m2!1s0x477b69f55c55dba7%3A0x2e3fd5e4cbd59753!2sLuka%20Koper%20-%20Port%20truck%20parking%20P2%20(Sermin)!5e1!3m2!1ssl!2ssi!4v1731335326416!5m2!1ssl!2ssi\" width=\"600\" height=\"450\" allowfullscreen=\"allowfullscreen\" data-mce-fragment=\"1\"&gt;&lt;\/iframe&gt;<\/p>\n<p><b>Location<\/b><b><br \/><\/b><a href=\"https:\/\/maps.app.goo.gl\/8jT3raeq3DySS5D29\" target=\"_blank\" rel=\"noopener\">Address: \u017delezni\u0161ka cesta 19, 6280 Ankaran<\/a><br \/>GPS coordinates: N 45.558, E 13.759<\/p>\n<p><b>Services and facilities at the P2: <\/b><\/p>\n<ul>\n<li>Opening hours: 24\/7.<\/li>\n<li>the area is illuminated, controlled with surveillance cameras and assisted by staff.<\/li>\n<li>Issuing point for single entry permits to the port.<\/li>\n<li>P2-DocsBox \u2013 boxes for document exchange between truck drivers and freight forwarders are available<\/li>\n<li>VBS self-service machine<\/li>\n<li>PrintBox self-service machine<\/li>\n<li>In the vicinity of the P2, there are 15 offices for freight forwarders&#8217; offices (P2-Sped), parking lots for office tenants and P2-DocsBox renters \u2013 10 parking lots for short-term car stops<\/li>\n<li>WC, rest room with snacks &amp; drinks vending machines, and outdoor fitness equipment<\/li>\n<\/ul>\n<p><b>Parking<\/b><b> info<\/b><\/p>\n<ul>\n<li>The Parking P2 is available to all trucks until all capacities are filled. The parking is charged on a time-of-stay basis according to the <strong><a href=\"https:\/\/www.luka-kp.si\/wp-content\/uploads\/2024\/11\/TARIFF-parking-P2-2024.pdf\" target=\"_blank\" rel=\"noopener\">Price list<\/a><\/strong><\/li>\n<li>Monthly parking card is not available, parking reservations are not possible,<\/li>\n<li>Payment for services is possible by credit card, by <a href=\"https:\/\/luka-inpo.si\/en\/services\/truck-terminal-subscription\/\"><strong>subscription system<\/strong><\/a>.<\/li>\n<\/ul>\n<p><img loading=\"lazy\" decoding=\"async\" class=\"alignnone size-medium wp-image-26330\" src=\"https:\/\/www.luka-kp.si\/wp-content\/uploads\/2023\/12\/P2-lokacije-ENG-500x243.jpg\" alt=\"\" width=\"500\" height=\"243\"><\/p>\n<h3>OTHER IMPORTANT INFORMATION<\/h3>\n<ul>\n<li>There are no free parking areas or walking areas at the P2. Therefore, vehicles are not allowed to stop on the access roads to P2.<\/li>\n<li>Use of P2-DocsBox: at the location, one half of the boxes are designed for issuing (dispensing) documents and the other half for the reception of documents. To open an issuing box, the entering of DocsBox number and its PIN is required. The reception boxes have an opening (slot) and a conventional lock.<\/li>\n<li>Truck drivers are kindly requested to follow the VBS guidance regarding the recommended gate entrance.<\/li>\n<\/ul>\n<p><a href=\"https:\/\/www.luka-kp.si\/wp-content\/uploads\/2024\/01\/logo-erik-parking-255x150.png\" target=\"_blank\" rel=\"noopener\"><img loading=\"lazy\" decoding=\"async\" class=\"alignnone wp-image-26439 size-thumbnail\" src=\"https:\/\/www.luka-kp.si\/wp-content\/uploads\/2024\/01\/logo-erik-parking-255x150.png\" alt=\"\" width=\"255\" height=\"150\"><\/a><\/p>\n<p><a href=\"https:\/\/www.luka-kp.si\/wp-content\/uploads\/2024\/01\/ENG_Sofinancira-Evropska-unija_POS-resized-500x105.jpg\" target=\"_blank\" rel=\"noopener\"><img loading=\"lazy\" decoding=\"async\" class=\"alignnone wp-image-26447 size-medium\" src=\"https:\/\/www.luka-kp.si\/wp-content\/uploads\/2024\/01\/ENG_Sofinancira-Evropska-unija_POS-resized-500x105.jpg\" alt=\"\" width=\"500\" height=\"105\"><\/a><\/p>\n<p>\n<\/div><\/div><\/div><\/div><\/div><\/div><div class=\"kc-elm kc-css-218139 col-12 col-sm-4 column\"><div class=\"kc-col-container\"><div class=\"kc-elm kc-css-144331 row\"><div class=\"kc-elm kc-css-326452 col-12 col-sm-12 column_inner\"><div class=\"kc_wrapper kc-col-inner-container\"><div class=\"div-wrapper kc-elm kc-css-524871 pink-wrapper\"><div class=\"kc-elm kc-css-33982 kc_text_block\"><\/p>\n<p><strong>information about truck terminal<\/strong><\/p>\n<p>\n<\/div><div class=\"kc-elm kc-css-706404 kc_text_block\"><\/p>\n<p><strong>e:<\/strong> <a href=\"mailto:mirna.muzenic@luka-kp.si\">mirna.muzenic@luka-kp.si<\/a><br \/><strong>tel:<\/strong> <a href=\"tel:+386 5 66 56 763\">+386 5 66 56 763<\/a> ali <a href=\"tel:+386 5 66 56 767\">+386 5 66 56 767<\/a><\/p>\n<p>\n<\/div><div class=\"kc-elm kc-css-923925 kc_text_block\"><\/p>\n<p><strong>Video surveillance information<\/strong><\/p>\n<p>\n<\/div><div class=\"kc-elm kc-css-565821 kc_text_block\"><\/p>\n<p><strong>tel:<\/strong> <a href=\"tel:+38656656950\">+386 5 66 56 950<\/a><\/p>\n<p>\n<\/div><div class=\"kc-elm kc-css-481923 kc_text_block\"><\/p>\n<p>In the event of a threat to the lives of people and property, immediately inform the truck terminal employees or Luka Koper security service (Phone No.: <a href=\"tel:+386 56 6 56 950\">+386 56 6 56 950<\/a>)<\/p>\n<p>\n<\/div><\/div><\/div><\/div><\/div><\/div><\/div><\/div><\/div><\/section><section class=\"kc-elm kc-css-335454 kc_row\"><div class=\" container\"><div class=\"row \"><div class=\"kc-elm kc-css-818719 col-12 col-sm-12 column col-12 col-md-8\"><div class=\"kc-col-container\"><div class=\"kc-elm kc-css-368203 kc_text_block\"><\/p>\n<p>Terminal se nahaja na <a href=\"https:\/\/goo.gl\/maps\/guJ4SDBr7R1z97GR6\" target=\"_blank\" rel=\"noopener\">Ankaranski cesti<\/a>, v neposredni bli\u017eini nakupovalnega sredi\u0161\u010da Supernova. Obratuje 24 ur dnevno vse dni v letu, je razsvetljen in nadzorovan z ob\u010dasnimi obhodi slu\u017ebe varovanja dru\u017ebe Luka Koper, d.d.<\/p>\n<p>Storitve na terminalu se pla\u010dujejo v gotovini, s pla\u010dilno kartico (Activa, Mastercard, Maestro, Visa) ali preko predpla\u010dni\u0161kega sistema.<\/p>\n<p>Na obmo\u010dju terminala notranji red zagotavljamo v skladu s<strong>\u00a0<a href=\"https:\/\/www.luka-kp.si\/o-podjetju\/pomembni-dokumenti\/#pravilniki\" target=\"_blank\" rel=\"noopener\">Pravilnikom o notranjem redu Luke Koper d.d.<\/a><\/strong>, internimi akti podjetja INPO d.o.o. ter nacionalnimi predpisi.<\/p>\n<p>Na obmo\u010dju terminala\u00a0 je name\u0161\u010den video nadzorni sistem, s katerim upravlja slu\u017eba varovanja Luke Koper d.d. Na ograjah terminala so name\u0161\u010dene obvestilne table, da je obmo\u010dje pod video nadzorom. V skladu z zakonodajo Republike Slovenije upravljavec video posnetke lahko uporabi ali posreduje tistim, ki izka\u017eejo upravi\u010den zakoniti interes na podlagi pravnomo\u010dne sodne odredbe ali upravne odlo\u010dbe oziroma sklepa, oziroma so do teh podatkov upravi\u010deni v skladu z njihovimi pooblastili in pristojnostmi.<\/p>\n<p>Dodatne informacije o video nadzoru lahko pridobite na telefonski \u0161tevilki <a href=\"tel:+386 5 6656950\"><strong>+386 5 6656950<\/strong><\/a><\/p>\n<p>Naloge varovanja na obmo\u010dju kamionskega terminala izvaja slu\u017eba varovanja Luke Koper d.d. V primeru ogro\u017eanja \u017eivljenja ljudi in premo\u017eenja nemudoma obvestite zaposlene podjetja INPO d.o.o. ali pokli\u010dite v VNC Luke Koper d.d. na telefonsko \u0161tevilko 056656950.<\/p>\n<div>\n<div>\n<div>\n<p>Za dodatne informacije o delovanju kamionskega terminala lahko pokli\u010dete na telefonsko \u0161tevilko + 386 5 66 56 763 ali +386 5 66 56 767 oz. e-naslov mirna.muzenic(at)luka-kp.si.<\/p>\n<\/div>\n<\/div>\n<\/div>\n<p>Vozniki imajo na terminalu na razpolago:<\/p>\n<ul>\n<li>fax (za prejemanje),<\/li>\n<li>brezpla\u010den Wi-Fi,<\/li>\n<li>sanitarije,<\/li>\n<li>tu\u0161i (mo\u0161ki, \u017eenske),<\/li>\n<li>dnevni prostor za voznike, opremljen z avtomati za tople in hladne napitke.<\/li>\n<\/ul>\n<p>Na kamionski terminal\u00a0<strong>ne vstopajo<\/strong>:<\/p>\n<ul>\n<li>kamioni z nevarnimi tovori,<\/li>\n<li>kamioni z drugimi posebnimi tovori,<\/li>\n<li>kamioni z \u017eivino in<\/li>\n<li>kamioni, ki preva\u017eajo material za izvajanje raznih del v pristani\u0161\u010du.<\/li>\n<\/ul>\n<p>\n<\/div><\/div><\/div><\/div><\/div><\/section><section class=\"kc-elm kc-css-764302 kc_row\"><div class=\" container\"><div class=\"row \"><div class=\"kc-elm kc-css-217777 col-12 col-sm-12 column\"><div class=\"kc-col-container\"><div class=\"div-wrapper kc-elm kc-css-444112 pink-wrapper\">\n<div class=\"kc-elm kc-css-467885 kc-title-wrap \">\n\n    <h4  class=\"  kc_title din-font\">Files for download<\/h4>\n<\/div>\n<div class=\"clear\"><\/div>\n<div class=\"mod-id-666736 kc-elm kc-css-666736 kc-raw-code simple-links-outer\">\n\t    <ul class=\"simple-links-inner layout-grid-1\">\n\t\t            <li>\n                                                    <a href=\"https:\/\/luka-inpo.si\/wp-content\/uploads\/2023\/12\/TARIFF-P2-2024-ENG-1.pdf\">\n                        Truck terminal P2 Sermin rates                        <div class=\"detailed-info\">\n                            <span class=\"d-block\">pdf, 87 KB<\/span>\n                        <\/div>\n                    <\/a>\n                \n            <\/li>\n\t\t            <li>\n                                                    <a href=\"https:\/\/luka-inpo.si\/wp-content\/uploads\/2024\/10\/Regulations-parking-P2.pdf\">\n                        Regulations parking P2                        <div class=\"detailed-info\">\n                            <span class=\"d-block\">pdf, 64 KB<\/span>\n                        <\/div>\n                    <\/a>\n                \n            <\/li>\n\t\t    <\/ul>\n<\/div>\n\n\n\n<div class=\"clear\"><\/div>\n<\/div><\/div><\/div><\/div><\/div><\/section><section class=\"kc-elm kc-css-288734 kc_row\"><div class=\" container\"><div class=\"row \"><div class=\"kc-elm kc-css-78007 col-12 col-sm-12 column col-12 col-md-8\"><div class=\"kc-col-container\">\n<div class=\"kc-elm kc-css-92837\">\n\t<a class=\"kc_button btn btn-primary\" href=\"https:\/\/luka-inpo.si\/en\/services\/\" target=\"_self\" title=\"Services\" onclick=\"\">\n\t\tView all services\t<\/a>\n<\/div>\n<\/div><\/div><\/div><\/div><\/section><\/p>\n","protected":false},"excerpt":{"rendered":"","protected":false},"author":3,"featured_media":1128,"parent":848,"menu_order":21,"comment_status":"closed","ping_status":"closed","template":"page-templates\/fullwidthpage.php","meta":{"_acf_changed":false,"rank_math_lock_modified_date":false,"inline_featured_image":false,"footnotes":""},"acf":[],"_links":{"self":[{"href":"https:\/\/luka-inpo.si\/en\/wp-json\/wp\/v2\/pages\/846"}],"collection":[{"href":"https:\/\/luka-inpo.si\/en\/wp-json\/wp\/v2\/pages"}],"about":[{"href":"https:\/\/luka-inpo.si\/en\/wp-json\/wp\/v2\/types\/page"}],"author":[{"embeddable":true,"href":"https:\/\/luka-inpo.si\/en\/wp-json\/wp\/v2\/users\/3"}],"replies":[{"embeddable":true,"href":"https:\/\/luka-inpo.si\/en\/wp-json\/wp\/v2\/comments?post=846"}],"version-history":[{"count":0,"href":"https:\/\/luka-inpo.si\/en\/wp-json\/wp\/v2\/pages\/846\/revisions"}],"up":[{"embeddable":true,"href":"https:\/\/luka-inpo.si\/en\/wp-json\/wp\/v2\/pages\/848"}],"wp:featuredmedia":[{"embeddable":true,"href":"https:\/\/luka-inpo.si\/en\/wp-json\/wp\/v2\/media\/1128"}],"wp:attachment":[{"href":"https:\/\/luka-inpo.si\/en\/wp-json\/wp\/v2\/media?parent=846"}],"curies":[{"name":"wp","href":"https:\/\/api.w.org\/{rel}","templated":true}]}}